{"id":2,"date":"2021-03-20T14:35:28","date_gmt":"2021-03-20T13:35:28","guid":{"rendered":"http:\/\/passion-odetta.fr\/?page_id=2"},"modified":"2022-10-17T10:45:11","modified_gmt":"2022-10-17T08:45:11","slug":"page-d-exemple","status":"publish","type":"page","link":"https:\/\/passion-odetta.fr\/","title":{"rendered":"ODETTA, une explosion Quimp\u00e9roise !"},"content":{"rendered":"\n<p><\/p>\n\n\n\n<h2 class=\"has-black-color has-text-color has-background has-normal-font-size wp-block-heading\" style=\"background-color:#afc4ab;line-height:1.7\">J&rsquo;ai cherch\u00e9 et cherch\u00e9 encore, sans jamais trouver&#8230; Quoi donc allez-vous dire ? Quel est donc ce Graal qui m\u00e9ritait une telle qu\u00eate ? Mais tout simplement un site int\u00e9gralement d\u00e9di\u00e9 \u00e0 ces merveilles que sont les gr\u00e8s ODETTA !                                                                                                                                  En effet, si on trouve \u00e0 droite et \u00e0 gauche divers articles \u00e9voquant plus ou moins bri\u00e8vement cette production de la c\u00e9l\u00e8bre fa\u00efencerie de la Grande Maison HB de Quimper, rien ne semble \u00eatre TOTALEMENT d\u00e9di\u00e9 \u00e0 cette production dont la diversit\u00e9 de formes et de d\u00e9cors nous fait plonger dans les Arts D\u00e9coratifs bretons. Sur une p\u00e9riode de 50 ans, de 1926 au d\u00e9but des ann\u00e9es 1970, a \u00e9t\u00e9 produite une telle diversit\u00e9 d&rsquo;objets (vases, pichets, plats, assiettes, cendriers, bols, coupelles, boites, cache-pots, service \u00e0 fumeur, service \u00e0 cidre, service \u00e0 liqueur, chocolati\u00e8res, bonbonni\u00e8res, encriers, serre-livres&#8230;) que, depuis plus de quinze ans que je les collectionne, il m&rsquo;arrive encore r\u00e9guli\u00e8rement de tomber sur un mod\u00e8le ou un d\u00e9cor que je n&rsquo;avais encore jamais vu !<\/h2>\n\n\n<div class=\"wp-block-image\">\n<figure class=\"aligncenter size-full is-resized\"><img loading=\"lazy\" decoding=\"async\" src=\"http:\/\/passion-odetta.fr\/wp-content\/uploads\/2022\/04\/DRAPEAU.png\" alt=\"\" class=\"wp-image-4168\" width=\"422\" height=\"280\" srcset=\"https:\/\/passion-odetta.fr\/wp-content\/uploads\/2022\/04\/DRAPEAU.png 939w, https:\/\/passion-odetta.fr\/wp-content\/uploads\/2022\/04\/DRAPEAU-300x200.png 300w, https:\/\/passion-odetta.fr\/wp-content\/uploads\/2022\/04\/DRAPEAU-768x511.png 768w\" sizes=\"auto, (max-width: 422px) 100vw, 422px\" \/><\/figure>\n<\/div>\n\n\n<figure class=\"wp-block-image size-large\"><img loading=\"lazy\" decoding=\"async\" width=\"822\" height=\"304\" src=\"http:\/\/passion-odetta.fr\/wp-content\/uploads\/2021\/08\/1629827543.png\" alt=\"\" class=\"wp-image-2247\" srcset=\"https:\/\/passion-odetta.fr\/wp-content\/uploads\/2021\/08\/1629827543.png 822w, https:\/\/passion-odetta.fr\/wp-content\/uploads\/2021\/08\/1629827543-300x111.png 300w, https:\/\/passion-odetta.fr\/wp-content\/uploads\/2021\/08\/1629827543-768x284.png 768w\" sizes=\"auto, (max-width: 767px) 89vw, (max-width: 1000px) 54vw, (max-width: 1071px) 543px, 580px\" \/><figcaption>Les aventures du Guide Spirituel : Une \u00e9ph\u00e9m\u00e8re vocation. <\/figcaption><\/figure>\n\n\n\n<p><\/p>\n\n\n\n<div id=\"sfcgen3h3z3x5az48nnjeazcs6ytjtt5b88\"><\/div><script type=\"text\/javascript\" src=\"https:\/\/counter9.stat.ovh\/private\/counter.js?c=gen3h3z3x5az48nnjeazcs6ytjtt5b88&#038;down=async\" async><\/script><br><a href=\"https:\/\/www.compteurdevisite.com\">compteur visiteur<\/a><noscript><a href=\"https:\/\/www.compteurdevisite.com\" title=\"compteur visiteur\"><img decoding=\"async\" src=\"https:\/\/counter9.stat.ovh\/private\/compteurdevisite.php?c=gen3h3z3x5az48nnjeazcs6ytjtt5b88\" border=\"0\" title=\"compteur visiteur\" alt=\"compteur visiteur\"><\/a><\/noscript>\n\n","protected":false},"excerpt":{"rendered":"<p>J&rsquo;ai cherch\u00e9 et cherch\u00e9 encore, sans jamais trouver&#8230; Quoi donc allez-vous dire ? Quel est donc ce Graal qui m\u00e9ritait une telle qu\u00eate ? Mais tout simplement un site int\u00e9gralement d\u00e9di\u00e9 \u00e0 ces merveilles que sont les gr\u00e8s ODETTA ! En effet, si on trouve \u00e0 droite et \u00e0 gauche divers articles \u00e9voquant plus ou &hellip; <\/p>\n<p class=\"link-more\"><a href=\"https:\/\/passion-odetta.fr\/\" class=\"more-link\">Continuer la lecture<span class=\"screen-reader-text\"> de &laquo;&nbsp;ODETTA, une explosion Quimp\u00e9roise !&nbsp;&raquo;<\/span><\/a><\/p>\n","protected":false},"author":1,"featured_media":0,"parent":0,"menu_order":0,"comment_status":"closed","ping_status":"open","template":"","meta":{"footnotes":""},"class_list":["post-2","page","type-page","status-publish","hentry"],"_links":{"self":[{"href":"https:\/\/passion-odetta.fr\/index.php\/wp-json\/wp\/v2\/pages\/2","targetHints":{"allow":["GET"]}}],"collection":[{"href":"https:\/\/passion-odetta.fr\/index.php\/wp-json\/wp\/v2\/pages"}],"about":[{"href":"https:\/\/passion-odetta.fr\/index.php\/wp-json\/wp\/v2\/types\/page"}],"author":[{"embeddable":true,"href":"https:\/\/passion-odetta.fr\/index.php\/wp-json\/wp\/v2\/users\/1"}],"replies":[{"embeddable":true,"href":"https:\/\/passion-odetta.fr\/index.php\/wp-json\/wp\/v2\/comments?post=2"}],"version-history":[{"count":31,"href":"https:\/\/passion-odetta.fr\/index.php\/wp-json\/wp\/v2\/pages\/2\/revisions"}],"predecessor-version":[{"id":5375,"href":"https:\/\/passion-odetta.fr\/index.php\/wp-json\/wp\/v2\/pages\/2\/revisions\/5375"}],"wp:attachment":[{"href":"https:\/\/passion-odetta.fr\/index.php\/wp-json\/wp\/v2\/media?parent=2"}],"curies":[{"name":"wp","href":"https:\/\/api.w.org\/{rel}","templated":true}]}}